{"id":460,"date":"2026-01-19T13:15:13","date_gmt":"2026-01-19T13:15:13","guid":{"rendered":"https:\/\/plugnow.pt\/?page_id=460"},"modified":"2026-01-19T13:16:00","modified_gmt":"2026-01-19T13:16:00","slug":"ntech-news","status":"publish","type":"page","link":"https:\/\/plugnow.pt\/?page_id=460","title":{"rendered":"NTech News"},"content":{"rendered":"\n<p><strong>Noticias sobre tecnologia<\/strong><\/p>\n\n\n\n<p>Hackers exploram falha em dispositivos dom\u00e9sticos inteligentes<\/p>\n\n\n\n<figure class=\"wp-block-image size-large\"><img decoding=\"async\" src=\"https:\/\/plugnow.pt\/wp-content\/uploads\/2026\/01\/hacker-8003394_1280-1024x574.jpg\" alt=\"\" class=\"wp-image-461\"\/><\/figure>\n\n\n\n<p>A crescente prolifera\u00e7\u00e3o de dispositivos conectados em resid\u00eancias est\u00e1 a abrir novas portas a ciberataques de grande escala, alertam especialistas em seguran\u00e7a inform\u00e1tica. Uma vulnerabilidade recentemente identificada, conhecida como React2Shell, evidencia como rapidamente falhas podem ser exploradas por grupos de hackers antes de serem corrigidas pelos fabricantes.<\/p>\n\n\n\n<p>Artigo continua no link abaixo:<\/p>\n\n\n\n<p><a href=\"https:\/\/www.ntech.news\/hackers-exploram-falha-em-dispositivos-domesticos-inteligentes\">https:\/\/www.ntech.news\/hackers-exploram-falha-em-dispositivos-domesticos-inteligentes<\/a><\/p>\n\n\n\n<p><\/p>\n","protected":false},"excerpt":{"rendered":"<p>Noticias sobre tecnologia Hackers exploram falha em dispositivos dom\u00e9sticos inteligentes A crescente prolifera\u00e7\u00e3o de dispositivos conectados em resid\u00eancias<\/p>\n","protected":false},"author":1,"featured_media":0,"parent":0,"menu_order":0,"comment_status":"closed","ping_status":"closed","template":"","meta":{"_acf_changed":false,"footnotes":""},"class_list":["post-460","page","type-page","status-publish","hentry"],"acf":[],"_links":{"self":[{"href":"https:\/\/plugnow.pt\/index.php?rest_route=\/wp\/v2\/pages\/460","targetHints":{"allow":["GET"]}}],"collection":[{"href":"https:\/\/plugnow.pt\/index.php?rest_route=\/wp\/v2\/pages"}],"about":[{"href":"https:\/\/plugnow.pt\/index.php?rest_route=\/wp\/v2\/types\/page"}],"author":[{"embeddable":true,"href":"https:\/\/plugnow.pt\/index.php?rest_route=\/wp\/v2\/users\/1"}],"replies":[{"embeddable":true,"href":"https:\/\/plugnow.pt\/index.php?rest_route=%2Fwp%2Fv2%2Fcomments&post=460"}],"version-history":[{"count":3,"href":"https:\/\/plugnow.pt\/index.php?rest_route=\/wp\/v2\/pages\/460\/revisions"}],"predecessor-version":[{"id":466,"href":"https:\/\/plugnow.pt\/index.php?rest_route=\/wp\/v2\/pages\/460\/revisions\/466"}],"wp:attachment":[{"href":"https:\/\/plugnow.pt\/index.php?rest_route=%2Fwp%2Fv2%2Fmedia&parent=460"}],"curies":[{"name":"wp","href":"https:\/\/api.w.org\/{rel}","templated":true}]}}