{"id":3,"date":"2025-11-18T13:02:17","date_gmt":"2025-11-18T13:02:17","guid":{"rendered":"http:\/\/plugnow.pt\/?page_id=3"},"modified":"2025-12-24T12:47:23","modified_gmt":"2025-12-24T12:47:23","slug":"privacy-policy","status":"publish","type":"page","link":"https:\/\/plugnow.pt\/?page_id=3","title":{"rendered":"Pol\u00edtica de privacidade"},"content":{"rendered":"\n<h2 class=\"wp-block-heading\">Quem somos?<\/h2>\n\n\n\n<p>O nosso endere\u00e7o \u00e9: https:\/\/plugnow.pt. Somos um site de not\u00edcias sobre mobilidade el\u00e9ctrica.<\/p>\n\n\n\n<h2 class=\"wp-block-heading\">Coment\u00e1ripos<\/h2>\n\n\n\n<p>Quando os visitantes deixam coment\u00e1rios no site, recolhemos os dados apresentados no formul\u00e1rio de coment\u00e1rios, bem como o endere\u00e7o IP do visitante e a string do agente do utilizador do navegador, para ajudar na dete\u00e7\u00e3o de spam<\/p>\n\n\n\n<p>Uma string anonimizada criada a partir do seu endere\u00e7o de e-mail (tamb\u00e9m designada por <em>hash<\/em>) pode ser fornecida ao servi\u00e7o Gravatar para verificar se o est\u00e1 a utilizar. A pol\u00edtica de privacidade do servi\u00e7o Gravatar est\u00e1 dispon\u00edvel aqui: <a href=\"https:\/\/automattic.com\/privacy\/\">https:\/\/automattic.com\/privacy\/<\/a>. Ap\u00f3s a aprova\u00e7\u00e3o do seu coment\u00e1rio, a sua imagem de perfil ficar\u00e1 vis\u00edvel ao p\u00fablico no contexto do seu coment\u00e1rio.<\/p>\n\n\n\n<h2 class=\"wp-block-heading\">M\u00e9dia<\/h2>\n\n\n\n<p>Se carregar imagens para o site, deve evitar o envio de imagens que incluam dados de localiza\u00e7\u00e3o incorporados (EXIF GPS). Os visitantes do site podem descarregar e extrair quaisquer dados de localiza\u00e7\u00e3o das imagens dispon\u00edveis no site.<\/p>\n\n\n\n<h2 class=\"wp-block-heading\">Cookies<\/h2>\n\n\n\n<p>Se deixar um coment\u00e1rio no nosso site, pode optar por guardar o seu nome, endere\u00e7o de e-mail e website em cookies. Estes destinam-se \u00e0 sua conveni\u00eancia, para que n\u00e3o tenha de voltar a preencher os seus dados quando deixar outro coment\u00e1rio. Estes cookies ter\u00e3o a dura\u00e7\u00e3o de um ano.<\/p>\n\n\n\n<p>Se visitar a nossa p\u00e1gina de in\u00edcio de sess\u00e3o, ser\u00e1 definido um cookie tempor\u00e1rio para determinar se o seu navegador aceita cookies. Este cookie n\u00e3o cont\u00e9m dados pessoais e \u00e9 eliminado quando fecha o navegador.<\/p>\n\n\n\n<p>Quando iniciar sess\u00e3o, ser\u00e3o tamb\u00e9m definidos v\u00e1rios cookies para guardar as suas informa\u00e7\u00f5es de login e as suas prefer\u00eancias de visualiza\u00e7\u00e3o no ecr\u00e3. Os cookies de login t\u00eam a dura\u00e7\u00e3o de dois dias e os cookies de op\u00e7\u00f5es de ecr\u00e3 duram um ano. Se selecionar a op\u00e7\u00e3o \u201cLembrar-me\u201d, a sua sess\u00e3o manter-se-\u00e1 ativa durante duas semanas. Se terminar a sess\u00e3o na sua conta, os cookies de login ser\u00e3o removidos.<\/p>\n\n\n\n<p>Se editar ou publicar um artigo, ser\u00e1 guardado um cookie adicional no seu navegador. Este cookie n\u00e3o inclui dados pessoais e indica apenas o ID do artigo que acabou de editar. Expira ao fim de 1 dia.<\/p>\n\n\n\n<h2 class=\"wp-block-heading\">Conte\u00fado embebido de outros websites<\/h2>\n\n\n\n<p><strong class=\"privacy-policy-tutorial\"><\/strong>Os artigos neste site podem incluir conte\u00fados incorporados (por exemplo, v\u00eddeos, imagens, artigos, etc.). O conte\u00fado incorporado proveniente de outros websites comporta-se exatamente da mesma forma como se o visitante tivesse visitado esses outros websites.<\/p>\n\n\n\n<p>Esses websites podem recolher dados sobre si, utilizar cookies, incorporar mecanismos adicionais de rastreamento de terceiros e monitorizar a sua intera\u00e7\u00e3o com esse conte\u00fado incorporado, incluindo o rastreamento da sua intera\u00e7\u00e3o caso tenha uma conta e esteja com sess\u00e3o iniciada nesses websites.<\/p>\n\n\n\n<h2 class=\"wp-block-heading\">Com quem partilhamos os nossos dados<\/h2>\n\n\n\n<p><strong class=\"privacy-policy-tutorial\"><\/strong>Se pedir uma nova password, o seu endere\u00e7o de IP pode ser incluido no email de reposi\u00e7\u00e3o<\/p>\n\n\n\n<h2 class=\"wp-block-heading\">Durante quanto tempo mantemos os seus dados <\/h2>\n\n\n\n<p>Se deixar um coment\u00e1rio, o coment\u00e1rio e os respetivos metadados s\u00e3o conservados por tempo indeterminado. Isto permite-nos reconhecer e aprovar automaticamente coment\u00e1rios subsequentes, em vez de os manter numa fila de modera\u00e7\u00e3o.<\/p>\n\n\n\n<p>Para os utilizadores que se registam no nosso website (se aplic\u00e1vel), armazenamos tamb\u00e9m as informa\u00e7\u00f5es pessoais que fornecem no respetivo perfil de utilizador. Todos os utilizadores podem ver, editar ou eliminar as suas informa\u00e7\u00f5es pessoais a qualquer momento (exceto o nome de utilizador, que n\u00e3o pode ser alterado). Os administradores do website tamb\u00e9m podem ver e editar essas informa\u00e7\u00f5es.<\/p>\n\n\n\n<h2 class=\"wp-block-heading\">Que direitos tem sobre os seus dados <\/h2>\n\n\n\n<p><strong class=\"privacy-policy-tutorial\">:<\/strong>Se tiver uma conta neste site ou se tiver deixado coment\u00e1rios, pode solicitar o envio de um ficheiro exportado com os dados pessoais que temos sobre si, incluindo quaisquer dados que nos tenha fornecido. Pode tamb\u00e9m solicitar a elimina\u00e7\u00e3o de quaisquer dados pessoais que mantemos sobre si. Isto n\u00e3o inclui quaisquer dados que sejamos obrigados a conservar para fins administrativos, legais ou de seguran\u00e7a.<\/p>\n\n\n\n<h2 class=\"wp-block-heading\">Para onde os seus dados s\u00e3o enviados <\/h2>\n\n\n\n<p>Os coment\u00e1rios dos visitantes podem ser verificados atrav\u00e9s de um servi\u00e7o automatizado de dete\u00e7\u00e3o de spam.<\/p>\n\n\n\n<p><\/p>\n","protected":false},"excerpt":{"rendered":"<p>Quem somos? O nosso endere\u00e7o \u00e9: https:\/\/plugnow.pt. Somos um site de not\u00edcias sobre mobilidade el\u00e9ctrica. Coment\u00e1ripos Quando os<\/p>\n","protected":false},"author":1,"featured_media":0,"parent":0,"menu_order":0,"comment_status":"closed","ping_status":"open","template":"","meta":{"_acf_changed":false,"footnotes":""},"class_list":["post-3","page","type-page","status-publish","hentry"],"acf":[],"_links":{"self":[{"href":"https:\/\/plugnow.pt\/index.php?rest_route=\/wp\/v2\/pages\/3","targetHints":{"allow":["GET"]}}],"collection":[{"href":"https:\/\/plugnow.pt\/index.php?rest_route=\/wp\/v2\/pages"}],"about":[{"href":"https:\/\/plugnow.pt\/index.php?rest_route=\/wp\/v2\/types\/page"}],"author":[{"embeddable":true,"href":"https:\/\/plugnow.pt\/index.php?rest_route=\/wp\/v2\/users\/1"}],"replies":[{"embeddable":true,"href":"https:\/\/plugnow.pt\/index.php?rest_route=%2Fwp%2Fv2%2Fcomments&post=3"}],"version-history":[{"count":5,"href":"https:\/\/plugnow.pt\/index.php?rest_route=\/wp\/v2\/pages\/3\/revisions"}],"predecessor-version":[{"id":190,"href":"https:\/\/plugnow.pt\/index.php?rest_route=\/wp\/v2\/pages\/3\/revisions\/190"}],"wp:attachment":[{"href":"https:\/\/plugnow.pt\/index.php?rest_route=%2Fwp%2Fv2%2Fmedia&parent=3"}],"curies":[{"name":"wp","href":"https:\/\/api.w.org\/{rel}","templated":true}]}}