{"id":158,"date":"2025-12-19T12:53:50","date_gmt":"2025-12-19T12:53:50","guid":{"rendered":"https:\/\/plugnow.pt\/index.php\/politica-de-cookies\/"},"modified":"2025-12-19T12:53:50","modified_gmt":"2025-12-19T12:53:50","slug":"politica-de-cookies","status":"publish","type":"page","link":"https:\/\/plugnow.pt\/?page_id=158","title":{"rendered":"Pol\u00edtica de cookies"},"content":{"rendered":"<p>A presente pol\u00edtica de cookies tem por objetivo informar o visitante sobre o que s\u00e3o cookies e tecnologias similares, a forma como s\u00e3o utilizados neste site, tanto por n\u00f3s como por outros prestadores de servi\u00e7os, e quais as informa\u00e7\u00f5es recolhidas, por quanto tempo e para que fins.<\/p><h2>\u00cdndice<\/h2><ul><li><a href=\"#controller-of-the-website\">Respons\u00e1vel pelo site<\/a><\/li><li><a href=\"#diff-to-privacy-policy\">Adenda \u00e0 pol\u00edtica de privacidade<\/a><\/li><li><a href=\"#cookie-technology\">O que s\u00e3o cookies e tecnologias semelhantes?<\/a><\/li><li><a href=\"#legal-basis\">Qual \u00e9 o fundamento jur\u00eddico para a instala\u00e7\u00e3o\/utiliza\u00e7\u00e3o de cookies?<\/a><\/li><li><a href=\"#rights-of-visitor\">Quais s\u00e3o os direitos do visitante do site?<\/a><\/li><li><a href=\"#manage-cookies\">Como gerir cookies atrav\u00e9s de um navegador da internet?<\/a><\/li><li><a href=\"#types-of-cookies\">Que tipos de cookies existem?<\/a><\/li><li><a href=\"#cookies-origin\">Quem pode definir cookies para este site?<\/a><\/li><li><a href=\"#list-of-services\">Que cookies s\u00e3o utilizados neste site?<\/a><\/li><\/ul><h2 id=\"controller-of-the-website\">Respons\u00e1vel pelo site<\/h2><ul><li><strong>Prestador: <\/strong>Plugnow!, Portugal<\/li><li><strong>Email: <\/strong><a target=\"_blank\" href=\"mailto:rodrigues.edmar@gmail.com\">rodrigues.edmar@gmail.com<\/a><\/li><li><strong>Formul\u00e1rio de contacto: <\/strong><a target=\"_blank\" href=\"https:\/\/plugnow.pt\/?page_id=158\">plugnow.pt\/?page_id=158<\/a><\/li><\/ul><h2 id=\"diff-to-privacy-policy\">Adenda \u00e0 pol\u00edtica de privacidade<\/h2><p>A presente pol\u00edtica de cookies \u00e9 um complemento \u00e0 <a href=\"https:\/\/plugnow.pt\/?page_id=3\" target=\"_blank\">pol\u00edtica de privacidade<\/a> deste site e informa de que forma utilizamos cookies e que dados recolhemos atrav\u00e9s deles. Por seu lado, a pol\u00edtica de privacidade apresenta um panorama global do tratamento de dados pessoais realizado neste site e por outros servi\u00e7os associados.<\/p><h2 id=\"cookie-technology\">O que s\u00e3o cookies e tecnologias semelhantes?<\/h2><p>Cookies s\u00e3o pequenos ficheiros de texto que podem ser armazenados e lidos no computador ou dispositivo m\u00f3vel que utiliza para aceder a um site. Os cookies s\u00e3o utilizados para v\u00e1rias finalidades, como garantir o funcionamento b\u00e1sico de um site, promover a seguran\u00e7a e privacidade, disponibilizar funcionalidades opcionais, recolher dados estat\u00edsticos sobre os visitantes e suportar sistemas de marketing. Alguns exemplos de dados que podem ser armazenados atrav\u00e9s de cookies s\u00e3o o estado de in\u00edcio de sess\u00e3o de contas de utilizador, o conte\u00fado dos carrinhos de compras em plataformas de com\u00e9rcio eletr\u00f3nico e os identificadores atribu\u00eddos aos diferentes visitantes para analisar a forma como utilizam o site.<br \/><br \/>Do um ponto de vista t\u00e9cnico, estes dados podem ser armazenados de v\u00e1rias formas. Entre as mais conhecidas, contam-se os cookies HTTP e tecnologias semelhantes a cookies, como armazenamento local, armazenamento de sess\u00e3o e IndexedDB. Cada forma de armazenamento apresenta as suas pr\u00f3prias carater\u00edsticas, que v\u00e3o determinar as t\u00e9cnicas de tratamento, a acessibilidade e os respons\u00e1veis pelo tratamento autorizados a aceder \u00e0s informa\u00e7\u00f5es guardadas. Todos estes tipos de armazenamento s\u00e3o normalmente resumidos sob o termo \"cookies\" e, por conseguinte, denominados como tal na presente pol\u00edtica de cookies.<\/p><h2 id=\"legal-basis\">Qual \u00e9 o fundamento jur\u00eddico para a instala\u00e7\u00e3o\/utiliza\u00e7\u00e3o de cookies?<\/h2><p>A instala\u00e7\u00e3o e utiliza\u00e7\u00e3o de cookies na Uni\u00e3o Europeia (UE) e no Espa\u00e7o Econ\u00f3mico Europeu (EEE) s\u00f3 \u00e9 permitida, nos termos da Artigo 5 da Lei portuguesa da Privacidade nas Comunica\u00e7\u00f5es Eletr\u00f3nicas, caso o utilizador tenha dado o seu consentimento com base em informa\u00e7\u00f5es completas sobre os fins a que o tratamento se destina. O operador do site pode ainda instalar cookies no equipamento terminal do visitante, sem o seu consentimento, quando estes s\u00e3o estritamente necess\u00e1rios para lhe prestar, enquanto utilizador, os servi\u00e7os que tenha solicitado expressamente, p. ex. o conte\u00fado b\u00e1sico do site ou os recursos estritamente necess\u00e1rios para o seu funcionamento.<\/p><h2 id=\"rights-of-visitor\">Quais s\u00e3o os direitos do visitante do site?<\/h2><p>\u00c9 poss\u00edvel proceder \u00e0 instala\u00e7\u00e3o e utiliza\u00e7\u00e3o de servi\u00e7os e respectivos cookies com base em interesse leg\u00edtimo ou no consentimento do utilizador. Este consentimento foi-lhe solicitado aquando da sua primeira visita a este site, ocasi\u00e3o na qual tamb\u00e9m teve oportunidade de se opor \u00e0 utiliza\u00e7\u00e3o de determinados servi\u00e7os. A caixa de di\u00e1logo de consentimento para a utiliza\u00e7\u00e3o de cookies apresenta igualmente o fundamento jur\u00eddico para a utiliza\u00e7\u00e3o de cada servi\u00e7o.<br \/><br \/>Enquanto visitante, assiste-lhe o direito de consultar o hist\u00f3rico das suas decis\u00f5es, de modificar as suas op\u00e7\u00f5es de privacidade, de se opor \u00e0 utiliza\u00e7\u00e3o de servi\u00e7os e de revogar o seu consentimento em qualquer altura. Em seguida, detalhamos como pode exercer os seus direitos:<br \/><ul><li><a  href=\"#consent-change\" role=\"button\" id=\"rcb-sc-link-change\" data-success-message=\"\" class=\"rcb-sc-link rcb-sc-link-change \">Alterar op\u00e7\u00f5es de privacidade<\/a><\/li><li><a  href=\"#consent-history\" role=\"button\" id=\"rcb-sc-link-history\" data-success-message=\"\" class=\"rcb-sc-link rcb-sc-link-history \">Hist\u00f3rico de op\u00e7\u00f5es de privacidade<\/a><\/li><li><a  href=\"#consent-revoke\" role=\"button\" id=\"rcb-sc-link-revoke\" data-success-message=\"Revogou com sucesso o seu consentimento para a utiliza\u00e7\u00e3o de cookies e tratamento de dados pessoais para os servi\u00e7os seleccionados. A p\u00e1gina ser\u00e1 recarregada agora!\" class=\"rcb-sc-link rcb-sc-link-revoke \">Revoke consents<\/a><\/li><\/ul><\/p><h2 id=\"manage-cookies\">Como gerir cookies atrav\u00e9s de um navegador da internet?<\/h2><p><ul><li><strong>Como eliminar cookies atrav\u00e9s do seu navegador:<\/strong> Para eliminar os cookies armazenados no seu dispositivo, poder\u00e1 limpar os dados de navega\u00e7\u00e3o atrav\u00e9s das defini\u00e7\u00f5es do seu navegador. Esta a\u00e7\u00e3o eliminar\u00e1 todos os cookies armazenados por todos os sites que visitou, incluindo dados de in\u00edcio de sess\u00e3o guardados e personaliza\u00e7\u00f5es de sites. Em alguns navegadores, \u00e9 poss\u00edvel eliminar os cookies e similares sem ter de apagar o hist\u00f3rico de navega\u00e7\u00e3o na totalidade.<\/li><li><strong>Como gerir cookies atrav\u00e9s do seu navegador:<\/strong> Para uma gest\u00e3o mais detalhada de cookies espec\u00edficos de determinados sites, aceda \u00e0s op\u00e7\u00f5es de privacidade e cookies do navegador utilizado, onde poder\u00e1 definir as suas prefer\u00eancias relativamente aos cookies utilizados por cada site.<\/li><li><strong>Como bloquear cookies no seu navegador:<\/strong> A maioria dos navegadores actuais pode ser configurada de modo a impedir a instala\u00e7\u00e3o de cookies no seu dispositivo. Todavia, bloquear a utiliza\u00e7\u00e3o de cookies poder\u00e1 levar a um funcionamento incorrecto de alguns servi\u00e7os e funcionalidades, como p. ex. in\u00edcios de sess\u00e3o de utilizadores registados. Muitos navegadores permitem igualmente a utiliza\u00e7\u00e3o de extens\u00f5es capazes de bloquear a utiliza\u00e7\u00e3o de cookies por parte dos sites.<\/li><li><strong>Como gerir os cookies neste site:<\/strong> Para personalizar em qualquer momento as suas prefer\u00eancias relativamente aos cookies utilizados por este site, clique na liga\u00e7\u00e3o disponibilizada em \"Direitos do visitante do site\".<\/li><\/li><\/ul><p>Para mais informa\u00e7\u00f5es sobre gest\u00e3o de cookies, visite <a href=\"https:\/\/devowl.io\/rcb\/cookie-handling\/\" target=\"_blank\">devowl.io\/rcb\/cookie-handling\/<\/a>.<\/p><\/p><h2 id=\"types-of-cookies\">Que tipos de cookies existem?<\/h2><p><ul><li>Os <strong>cookies essenciais<\/strong> s\u00e3o indispens\u00e1veis para o funcionamento b\u00e1sico de um site e permitem realizar ac\u00e7\u00f5es como armazenar dados de in\u00edcio de sess\u00e3o ou garantir o acesso a \u00e1reas seguras do site. Entre estes, contam-se os cookies de seguran\u00e7a, que armazenam chaves de autentica\u00e7\u00e3o em cookies para identificar bots indesejados.<\/li><li>Os <strong>cookies funcionais<\/strong> t\u00eam por objetivo proporcionar uma melhor experi\u00eancia de utiliza\u00e7\u00e3o ao visitante do site. Para tal, armazenam dados e prefer\u00eancias, como defini\u00e7\u00f5es de idioma ou personaliza\u00e7\u00f5es da apar\u00eancia de um site realizadas pelo utilizador. Entre estes cookies contam-se, por exemplo, os destinados a armazenar as informa\u00e7\u00f5es sobre a qualidade de v\u00eddeo preferida pelo utilizador num site.<\/li><li>Os <strong>cookies estat\u00edsticos<\/strong> recolhem dados estat\u00edsticos relativos a como os visitantes utilizam o site. Permitem analisar o comportamento dos utilizadores, com vista \u00e0 otimiza\u00e7\u00e3o do desempenho do site. Um exemplo da utiliza\u00e7\u00e3o destes cookies \u00e9 a atribui\u00e7\u00e3o aleat\u00f3ria de identificadores aos utilizadores a fim de aferir se visitaram uma determinada p\u00e1gina do site.<\/li><li>Os <strong>cookies de marketing<\/strong> s\u00e3o utilizados para acompanhar o comportamento dos utilizadores ao longo de diferentes sites, de modo a permitir servir-lhe an\u00fancios personalizados com base nos seus interesses e comportamentos de navega\u00e7\u00e3o. Entre estes, contam-se os cookies publicit\u00e1rios que registam as intera\u00e7\u00f5es com an\u00fancios num site e partilham as respectivas informa\u00e7\u00f5es com os anunciantes e os cookies destinados a acionar sistemas de chat dedicados a responder a quest\u00f5es comerciais e de p\u00f3s-venda ao cliente.<\/li><\/li><\/ul><\/p><h2 id=\"cookies-origin\">Quem pode definir cookies para este site?<\/h2><p>Tanto o operador deste site como os servi\u00e7os de terceiros nele utilizados podem instalar cookies e aceder ao seu conte\u00fado. Quem pode aceder a que cookies e respectivo conte\u00fado \u00e9 determinado em fun\u00e7\u00e3o de se tratarem de cookies do pr\u00f3prio site ou de terceiros. Os cookies do operador do site s\u00e3o criados pelo pr\u00f3prio site e s\u00f3 podem ser acedidos por ele e pelos servi\u00e7os de terceiros integrados neste site. Os cookies de terceiros, por sua vez, s\u00e3o usualmente instalados por servi\u00e7os de terceiros, hospedados noutros dom\u00ednios, e podem ser acedidos em todos os sites onde o servi\u00e7o respons\u00e1vel se encontra integrado. Entre estes cookies, encontram-se, por exemplo, os utilizados por redes publicit\u00e1rias para monitorizar o comportamento do utilizador a fim de lhe servir an\u00fancios personalizados em diferentes sites.<\/p><h2 id=\"list-of-services\">Que cookies s\u00e3o utilizados neste site?<\/h2><script type=\"application\/json\">{\"search\":{\"placeholder\":\"Pesquisar...\"},\"sort\":{\"sortAsc\":\"Ordenar coluna por ordem crescente\",\"sortDesc\":\"Ordenar coluna por ordem decrescente\"},\"pagination\":{\"previous\":\"Anterior\",\"next\":\"Seguinte\",\"navigate\":\"P\\u00e1gina %1$d de %2$d\",\"page\":\"P\\u00e1gina %d\",\"showing\":\"A mostrar\",\"of\":\"de\",\"to\":\"a\",\"results\":\"resultados\"},\"noRecordsFound\":\"N\\u00e3o foram encontrados resultados correspondentes \\u00e0 sua pesquisa\"}<\/script><table  class=\"devowl-wp-react-cookie-banner-cookie-policy\"><thead><tr><th width=\"200px\" scope=\"col\">Classe<\/th><th width=\"400px\" scope=\"col\">Cookies t\u00e9cnicos<\/th><th width=\"400px\" scope=\"col\">Host de cookies t\u00e9cnicos<\/th><th width=\"400px\" scope=\"col\">Servi\u00e7o<\/th><th width=\"250px\" scope=\"col\">Dura\u00e7\u00e3o<\/th><th width=\"200px\" scope=\"col\">Tipo<\/th><th width=\"550px\" scope=\"col\">Finalidade<\/th><\/tr><\/thead><tbody><tr><td>Essenciais<\/td><td>real_cookie_banner*<\/td><td>.plugnow.pt<\/td><td>Real Cookie Banner<\/td><td>365 dias<\/td><td>HTTP Cookie<\/td><td>Identificador \u00fanico para o consentimento, mas n\u00e3o para o visitante do s\u00edtio Web. Hash de revis\u00e3o para defini\u00e7\u00f5es da faixa de cookies (textos, cores, funcionalidades, grupos de servi\u00e7os, servi\u00e7os, bloqueadores de conte\u00fados, etc.). IDs para servi\u00e7os e grupos de servi\u00e7os consentidos.<\/td><\/tr><tr><td>Essenciais<\/td><td>real_cookie_banner*-tcf<\/td><td>.plugnow.pt<\/td><td>Real Cookie Banner<\/td><td>365 dias<\/td><td>HTTP Cookie<\/td><td>Consentimentos recolhidos ao abrigo do TCF armazenados no formato TC String, incluindo fornecedores, fins, fins especiais, carater\u00edsticas e carater\u00edsticas especiais do TCF.<\/td><\/tr><tr><td>Essenciais<\/td><td>real_cookie_banner*-gcm<\/td><td>.plugnow.pt<\/td><td>Real Cookie Banner<\/td><td>365 dias<\/td><td>HTTP Cookie<\/td><td>Consentimentos em tipos de consentimento (fins) recolhidos ao abrigo do Google Consent Mode armazenados para todos os servi\u00e7os compat\u00edveis com o Google Consent Mode.<\/td><\/tr><tr><td>Essenciais<\/td><td>real_cookie_banner-test<\/td><td>.plugnow.pt<\/td><td>Real Cookie Banner<\/td><td>365 dias<\/td><td>HTTP Cookie<\/td><td>Cookie definido para testar a funcionalidade do cookie HTTP. Eliminado imediatamente ap\u00f3s o teste.<\/td><\/tr><tr><td>Essenciais<\/td><td>real_cookie_banner*<\/td><td>https:\/\/plugnow.pt<\/td><td>Real Cookie Banner<\/td><td>-<\/td><td>Local Storage<\/td><td>Identificador \u00fanico para o consentimento, mas n\u00e3o para o visitante do s\u00edtio Web. Hash de revis\u00e3o para defini\u00e7\u00f5es da faixa de cookies (textos, cores, funcionalidades, grupos de servi\u00e7os, servi\u00e7os, bloqueadores de conte\u00fados, etc.). IDs para servi\u00e7os e grupos de servi\u00e7os consentidos. S\u00f3 \u00e9 armazenado at\u00e9 que o consentimento seja documentado no servidor do s\u00edtio Web.<\/td><\/tr><tr><td>Essenciais<\/td><td>real_cookie_banner*-tcf<\/td><td>https:\/\/plugnow.pt<\/td><td>Real Cookie Banner<\/td><td>-<\/td><td>Local Storage<\/td><td>Consentimentos recolhidos ao abrigo do TCF armazenados no formato TC String, incluindo fornecedores, fins, fins especiais, carater\u00edsticas e carater\u00edsticas especiais do TCF. S\u00f3 \u00e9 armazenado at\u00e9 que o consentimento seja documentado no servidor do s\u00edtio Web.<\/td><\/tr><tr><td>Essenciais<\/td><td>real_cookie_banner*-gcm<\/td><td>https:\/\/plugnow.pt<\/td><td>Real Cookie Banner<\/td><td>-<\/td><td>Local Storage<\/td><td>Consentimentos recolhidos no Google Consent Mode armazenados em tipos de consentimento (fins) para todos os servi\u00e7os compat\u00edveis com o Google Consent Mode. S\u00f3 \u00e9 armazenado at\u00e9 que o consentimento seja documentado no servidor do s\u00edtio Web.<\/td><\/tr><tr><td>Essenciais<\/td><td>real_cookie_banner-consent-queue*<\/td><td>https:\/\/plugnow.pt<\/td><td>Real Cookie Banner<\/td><td>-<\/td><td>Local Storage<\/td><td>Armazenamento em cache local da sele\u00e7\u00e3o na faixa de cookies at\u00e9 o servidor documentar o consentimento; tentativa de documenta\u00e7\u00e3o peri\u00f3dica ou em mudan\u00e7as de p\u00e1gina se o servidor n\u00e3o estiver dispon\u00edvel ou estiver sobrecarregado.<\/td><\/tr><\/tbody><\/table><p>A pol\u00edtica de cookies foi actualizada pela \u00faltima vez em 19\/12\/2025.<\/p>\n\n","protected":false},"excerpt":{"rendered":"","protected":false},"author":1,"featured_media":0,"parent":0,"menu_order":0,"comment_status":"closed","ping_status":"closed","template":"","meta":{"_acf_changed":false,"footnotes":""},"class_list":["post-158","page","type-page","status-publish","hentry"],"acf":[],"_links":{"self":[{"href":"https:\/\/plugnow.pt\/index.php?rest_route=\/wp\/v2\/pages\/158","targetHints":{"allow":["GET"]}}],"collection":[{"href":"https:\/\/plugnow.pt\/index.php?rest_route=\/wp\/v2\/pages"}],"about":[{"href":"https:\/\/plugnow.pt\/index.php?rest_route=\/wp\/v2\/types\/page"}],"author":[{"embeddable":true,"href":"https:\/\/plugnow.pt\/index.php?rest_route=\/wp\/v2\/users\/1"}],"replies":[{"embeddable":true,"href":"https:\/\/plugnow.pt\/index.php?rest_route=%2Fwp%2Fv2%2Fcomments&post=158"}],"version-history":[{"count":0,"href":"https:\/\/plugnow.pt\/index.php?rest_route=\/wp\/v2\/pages\/158\/revisions"}],"wp:attachment":[{"href":"https:\/\/plugnow.pt\/index.php?rest_route=%2Fwp%2Fv2%2Fmedia&parent=158"}],"curies":[{"name":"wp","href":"https:\/\/api.w.org\/{rel}","templated":true}]}}